{"id":731,"date":"2025-04-07T15:55:47","date_gmt":"2025-04-07T13:55:47","guid":{"rendered":"http:\/\/www.immobiliariafalco.com\/lloguer-de-llarga-estada\/locals-comercials\/"},"modified":"2025-05-06T13:51:26","modified_gmt":"2025-05-06T11:51:26","slug":"locals-comercials","status":"publish","type":"page","link":"https:\/\/immobiliariafalco.com\/ca\/lloguer-de-llarga-estada\/locals-comercials\/","title":{"rendered":"Locals comercials"},"content":{"rendered":"\n<div class=\"wp-block-nk-awb nk-awb alignfull\"><div class=\"nk-awb-wrap\" data-awb-type=\"image\" data-awb-parallax=\"scroll\" data-awb-parallax-speed=\"0.5\" data-awb-parallax-mobile=\"false\" data-awb-image-background-size=\"cover\" data-awb-image-background-position=\"56% 21%\"><div class=\"nk-awb-overlay\" style=\"background: #0000002b;\"><\/div><div class=\"nk-awb-inner\"><img loading=\"lazy\" decoding=\"async\" src=\"http:\/\/www.immobiliariafalco.com\/wp-content\/uploads\/2025\/04\/home-falco.jpg\" class=\"wp-image-53 jarallax-img\" alt=\"Immobili\u00e0ria Falc\u00f3\" width=\"1920\" height=\"1080\" srcset=\"https:\/\/immobiliariafalco.com\/wp-content\/uploads\/2025\/04\/home-falco.jpg 1920w, https:\/\/immobiliariafalco.com\/wp-content\/uploads\/2025\/04\/home-falco-300x169.jpg 300w, https:\/\/immobiliariafalco.com\/wp-content\/uploads\/2025\/04\/home-falco-1024x576.jpg 1024w, https:\/\/immobiliariafalco.com\/wp-content\/uploads\/2025\/04\/home-falco-768x432.jpg 768w, https:\/\/immobiliariafalco.com\/wp-content\/uploads\/2025\/04\/home-falco-1536x864.jpg 1536w, https:\/\/immobiliariafalco.com\/wp-content\/uploads\/2025\/04\/home-falco-500x281.jpg 500w, https:\/\/immobiliariafalco.com\/wp-content\/uploads\/2025\/04\/home-falco-800x450.jpg 800w, https:\/\/immobiliariafalco.com\/wp-content\/uploads\/2025\/04\/home-falco-1280x720.jpg 1280w\" sizes=\"auto, (max-width: 1920px) 100vw, 1920px\" \/><\/div><\/div><div class=\"nk-awb-wrap-content is-layout-constrained wp-container-nk-awb-is-layout-00f579c5 wp-block-nk-awb-is-layout-constrained\">\n<div style=\"height:157px\" aria-hidden=\"true\" class=\"wp-block-spacer\"><\/div>\n\n\n\n<div class=\"wp-block-columns is-layout-flex wp-container-core-columns-is-layout-28f84493 wp-block-columns-is-layout-flex\">\n<div class=\"wp-block-column is-layout-flow wp-block-column-is-layout-flow\">\n<h1 class=\"wp-block-heading has-ast-global-color-4-color has-text-color has-link-color wp-elements-45abc3b34e4dffb2f39ff7b3cd400f8c\" style=\"font-size:37px\">Locals comercials<\/h1>\n<\/div>\n\n\n\n<div class=\"wp-block-column is-vertically-aligned-bottom is-layout-flow wp-block-column-is-layout-flow\"><div class=\"yoast-breadcrumbs\"><span><span><a href=\"https:\/\/immobiliariafalco.com\/ca\/\">Inicio<\/a><\/span> \u00bb <span><a href=\"https:\/\/immobiliariafalco.com\/ca\/alquiler-de-larga-estancia\/\">Lloguer de llarga estada<\/a><\/span> \u00bb <span class=\"breadcrumb_last\" aria-current=\"page\">Locals comercials<\/span><\/span><\/div><\/div>\n<\/div>\n\n\n<div class=\"n2r__search  \" data-n2r-searchsession-url=\"https:\/\/immobiliariafalco.com\/wp-json\/n2r\/v1\/searchsession\" data-n2r-nosession=\"true\">\n    <div class=\"n2r__search__container n2r__tabs__content\">\n    <div class=\"n2r__tabs__content__item n2r__search__container__rental active\" >\n  <form name=\"n2r__search\" method=\"get\" action=\"https:\/\/immobiliariafalco.com\/alquiler-resultados-de-busqueda\/\" role=\"form\" autocomplete=\"off\">\n    <input type=\"hidden\" aria-hidden=\"true\" name=\"commercialization_type\" value=\"rental\">\n              <div class=\"n2r__search__field\">\n            <label for=\"n2r-search-rental-search_text-94823\">Refer\u00e8ncia<\/label>\n            <input type=\"text\" name=\"search_text\" id=\"n2r-search-rental-search_text-94823\" class=\"n2r__input\" value=\"\">\n          <\/div>\n                    <div class=\"n2r__search__field n2r__datepickercontainer\">\n            <label for=\"n2r-search-rental-dates-94823\">Selecciona les dates<\/label>\n            <input type=\"text\" name=\"dates\" id=\"n2r-search-rental-dates-94823\" class=\"n2r__input n2r-daterangepicker-component\" value=\"\" data-checkin=\"\" data-checkout=\"\" data-language=\"ca\" data-nights=\"1\" placeholder=\" \">\n            <a class=\"n2r__datepickercontainer__clear\"><i class=\"fa fa-times\"><\/i><\/a>\n            <input type=\"hidden\" aria-hidden=\"true\" name=\"checkin\" value=\"\">\n            <input type=\"hidden\" aria-hidden=\"true\" name=\"checkout\" value=\"\">\n          <\/div>\n                  <div class=\"n2r__search__field n2r__search__field--small\">\n            <label for=\"n2r-search-rental-adults-94823\">Adults<\/label>\n            <input class=\"n2r__input\" name=\"adults\" id=\"n2r-search-rental-adults-94823\" type=\"number\" min=\"1\" max=\"30\" value=\"1\">\n          <\/div>\n                  <div class=\"n2r__search__field n2r__search__field--small\">\n            <label for=\"n2r-search-rental-children-94823\">Nens<\/label>\n            <input class=\"n2r__input\" name=\"children\" id=\"n2r-search-rental-children-94823\" type=\"number\" min=\"0\" max=\"30\" value=\"0\">\n          <\/div>\n                    <div class=\"n2r__search__field\">\n              <label for=\"n2r-search-rental-city-94823\">Destinaci\u00f3<\/label>\n              <select name=\"city\" id=\"n2r-search-rental-city-94823\" class=\"n2r__select\">\n                <option value=\"\">Tots<\/option>\n                <option value=\"LLAN\u00c7A\" >LLAN\u00c7A<\/option><option value=\"LLAN\u00c7\u00c0\" >LLAN\u00c7\u00c0<\/option><option value=\"Llan\u00e7\u00e0\" >Llan\u00e7\u00e0<\/option><option value=\"Port de la Selva (El)\" >Port de la Selva (El)<\/option>              <\/select>\n              <span><\/span>\n            <\/div>\n                      <div class=\"n2r__search__field \">\n              <label for=\"n2r-search-rental-type-94823\">Tipus d&#039;edificaci\u00f3<\/label>\n              <select name=\"type\" id=\"n2r-search-rental-type-94823\" class=\"n2r__select\">\n                <option value=\"\">Tots<\/option>\n                <option value=\"apartment\" >Apartament<\/option><option value=\"isolated_house\" >Casa a\u00efllada \/ Villa<\/option>              <\/select>\n              <span><\/span>\n            <\/div>\n              <div class=\"n2r__search__field n2r__search__field--submit\">\n      <button type=\"submit\" class=\"n2r__search__submit n2r__btn\">Cercar<\/button>\n    <\/div>\n  <\/form>\n<\/div>  <\/div>\n<\/div>\n\n\n\n<div style=\"height:60px\" aria-hidden=\"true\" class=\"wp-block-spacer\"><\/div>\n<\/div><\/div>\n\n<div style=\"height:30px\" aria-hidden=\"true\" class=\"wp-block-spacer\"><\/div>\n\n<div class=\"wp-block-nk-awb nk-awb alignfull listado-alojamientos-n2r\"><div class=\"nk-awb-wrap-content is-layout-constrained wp-container-nk-awb-is-layout-3b795b3d wp-block-nk-awb-is-layout-constrained\">  <div class=\"n2r__list n2r__list--empty\">\n    <h3>No s'han trobat resultats en la recerca, si us plau, contacta amb nosaltres per ajudar-te.<\/h3>\n  <\/div>\n\n<\/div><\/div>\n","protected":false},"excerpt":{"rendered":"","protected":false},"author":1,"featured_media":428,"parent":729,"menu_order":0,"comment_status":"closed","ping_status":"closed","template":"","meta":{"site-sidebar-layout":"default","site-content-layout":"","ast-site-content-layout":"","site-content-style":"default","site-sidebar-style":"default","ast-global-header-display":"","ast-banner-title-visibility":"","ast-main-header-display":"","ast-hfb-above-header-display":"","ast-hfb-below-header-display":"","ast-hfb-mobile-header-display":"","site-post-title":"","ast-breadcrumbs-content":"","ast-featured-img":"disabled","footer-sml-layout":"","ast-disable-related-posts":"","theme-transparent-header-meta":"","adv-header-id-meta":"","stick-header-meta":"","header-above-stick-meta":"","header-main-stick-meta":"","header-below-stick-meta":"","astra-migrate-meta-layouts":"default","ast-page-background-enabled":"default","ast-page-background-meta":{"desktop":{"background-color":"var(--ast-global-color-5)","background-image":"","background-repeat":"repeat","background-position":"center center","background-size":"auto","background-attachment":"scroll","background-type":"","background-media":"","overlay-type":"","overlay-color":"","overlay-opacity":"","overlay-gradient":""},"tablet":{"background-color":"","background-image":"","background-repeat":"repeat","background-position":"center center","background-size":"auto","background-attachment":"scroll","background-type":"","background-media":"","overlay-type":"","overlay-color":"","overlay-opacity":"","overlay-gradient":""},"mobile":{"background-color":"","background-image":"","background-repeat":"repeat","background-position":"center center","background-size":"auto","background-attachment":"scroll","background-type":"","background-media":"","overlay-type":"","overlay-color":"","overlay-opacity":"","overlay-gradient":""}},"ast-content-background-meta":{"desktop":{"background-color":"var(--ast-global-color-4)","background-image":"","background-repeat":"repeat","background-position":"center center","background-size":"auto","background-attachment":"scroll","background-type":"","background-media":"","overlay-type":"","overlay-color":"","overlay-opacity":"","overlay-gradient":""},"tablet":{"background-color":"var(--ast-global-color-4)","background-image":"","background-repeat":"repeat","background-position":"center center","background-size":"auto","background-attachment":"scroll","background-type":"","background-media":"","overlay-type":"","overlay-color":"","overlay-opacity":"","overlay-gradient":""},"mobile":{"background-color":"var(--ast-global-color-4)","background-image":"","background-repeat":"repeat","background-position":"center center","background-size":"auto","background-attachment":"scroll","background-type":"","background-media":"","overlay-type":"","overlay-color":"","overlay-opacity":"","overlay-gradient":""}},"footnotes":""},"class_list":["post-731","page","type-page","status-publish","has-post-thumbnail","hentry"],"yoast_head":"<!-- This site is optimized with the Yoast SEO plugin v27.4 - https:\/\/yoast.com\/product\/yoast-seo-wordpress\/ -->\n<title>Locals comercials - Immobili\u00e0ria Falc\u00f3 - Venta y alquiler de propiedades en LLan\u00e7\u00e0<\/title>\n<meta name=\"description\" content=\"A Immobili\u00e0ria Falc\u00f3 us oferim serveis immobiliaris de venda i lloguer de propietats a Llan\u00e7\u00e0 ia la Costa Brava.\" \/>\n<meta name=\"robots\" content=\"index, follow, max-snippet:-1, max-image-preview:large, max-video-preview:-1\" \/>\n<link rel=\"canonical\" href=\"https:\/\/immobiliariafalco.com\/ca\/lloguer-de-llarga-estada\/locals-comercials\/\" \/>\n<meta property=\"og:locale\" content=\"ca_ES\" \/>\n<meta property=\"og:type\" content=\"article\" \/>\n<meta property=\"og:title\" content=\"Locals comercials - Immobili\u00e0ria Falc\u00f3 - Venta y alquiler de propiedades en LLan\u00e7\u00e0\" \/>\n<meta property=\"og:description\" content=\"A Immobili\u00e0ria Falc\u00f3 us oferim serveis immobiliaris de venda i lloguer de propietats a Llan\u00e7\u00e0 ia la Costa Brava.\" \/>\n<meta property=\"og:url\" content=\"https:\/\/immobiliariafalco.com\/ca\/lloguer-de-llarga-estada\/locals-comercials\/\" \/>\n<meta property=\"og:site_name\" content=\"Immobili\u00e0ria Falc\u00f3 - Venta y alquiler de propiedades en LLan\u00e7\u00e0\" \/>\n<meta property=\"article:publisher\" content=\"https:\/\/www.facebook.com\/Immobiliria-FALC-112724184524155\" \/>\n<meta property=\"article:modified_time\" content=\"2025-05-06T11:51:26+00:00\" \/>\n<meta property=\"og:image\" content=\"https:\/\/www.immobiliariafalco.com\/wp-content\/uploads\/2025\/04\/rrss-falco.jpg\" \/>\n\t<meta property=\"og:image:width\" content=\"1280\" \/>\n\t<meta property=\"og:image:height\" content=\"720\" \/>\n\t<meta property=\"og:image:type\" content=\"image\/jpeg\" \/>\n<meta name=\"twitter:card\" content=\"summary_large_image\" \/>\n<script type=\"application\/ld+json\" class=\"yoast-schema-graph\">{\"@context\":\"https:\\\/\\\/schema.org\",\"@graph\":[{\"@type\":\"WebPage\",\"@id\":\"https:\\\/\\\/immobiliariafalco.com\\\/ca\\\/lloguer-de-llarga-estada\\\/locals-comercials\\\/\",\"url\":\"https:\\\/\\\/immobiliariafalco.com\\\/ca\\\/lloguer-de-llarga-estada\\\/locals-comercials\\\/\",\"name\":\"Locals comercials - Immobili\u00e0ria Falc\u00f3 - Venta y alquiler de propiedades en LLan\u00e7\u00e0\",\"isPartOf\":{\"@id\":\"https:\\\/\\\/immobiliariafalco.com\\\/ca\\\/#website\"},\"primaryImageOfPage\":{\"@id\":\"https:\\\/\\\/immobiliariafalco.com\\\/ca\\\/lloguer-de-llarga-estada\\\/locals-comercials\\\/#primaryimage\"},\"image\":{\"@id\":\"https:\\\/\\\/immobiliariafalco.com\\\/ca\\\/lloguer-de-llarga-estada\\\/locals-comercials\\\/#primaryimage\"},\"thumbnailUrl\":\"https:\\\/\\\/immobiliariafalco.com\\\/wp-content\\\/uploads\\\/2025\\\/04\\\/rrss-falco.jpg\",\"datePublished\":\"2025-04-07T13:55:47+00:00\",\"dateModified\":\"2025-05-06T11:51:26+00:00\",\"description\":\"A Immobili\u00e0ria Falc\u00f3 us oferim serveis immobiliaris de venda i lloguer de propietats a Llan\u00e7\u00e0 ia la Costa Brava.\",\"breadcrumb\":{\"@id\":\"https:\\\/\\\/immobiliariafalco.com\\\/ca\\\/lloguer-de-llarga-estada\\\/locals-comercials\\\/#breadcrumb\"},\"inLanguage\":\"ca\",\"potentialAction\":[{\"@type\":\"ReadAction\",\"target\":[\"https:\\\/\\\/immobiliariafalco.com\\\/ca\\\/lloguer-de-llarga-estada\\\/locals-comercials\\\/\"]}]},{\"@type\":\"BreadcrumbList\",\"@id\":\"https:\\\/\\\/immobiliariafalco.com\\\/ca\\\/lloguer-de-llarga-estada\\\/locals-comercials\\\/#breadcrumb\",\"itemListElement\":[{\"@type\":\"ListItem\",\"position\":1,\"name\":\"Inicio\",\"item\":\"https:\\\/\\\/immobiliariafalco.com\\\/ca\\\/\"},{\"@type\":\"ListItem\",\"position\":2,\"name\":\"Lloguer de llarga estada\",\"item\":\"https:\\\/\\\/immobiliariafalco.com\\\/ca\\\/alquiler-de-larga-estancia\\\/\"},{\"@type\":\"ListItem\",\"position\":3,\"name\":\"Locals comercials\"}]},{\"@type\":\"WebSite\",\"@id\":\"https:\\\/\\\/immobiliariafalco.com\\\/ca\\\/#website\",\"url\":\"https:\\\/\\\/immobiliariafalco.com\\\/ca\\\/\",\"name\":\"Immobili\u00e0ria Falc\u00f3 - Venta y alquiler de propiedades en LLan\u00e7\u00e0\",\"description\":\"Servicios inmobiliarios y de alquiler vacacional en la Costa Brava\",\"publisher\":{\"@id\":\"https:\\\/\\\/immobiliariafalco.com\\\/ca\\\/#organization\"},\"alternateName\":\"Immobili\u00e0ria Falc\u00f3\",\"potentialAction\":[{\"@type\":\"SearchAction\",\"target\":{\"@type\":\"EntryPoint\",\"urlTemplate\":\"https:\\\/\\\/immobiliariafalco.com\\\/alquiler-resultados-de-busqueda\\\/?search_text={search_term_string}\"},\"query-input\":{\"@type\":\"PropertyValueSpecification\",\"valueRequired\":true,\"valueName\":\"search_term_string\"}}],\"inLanguage\":\"ca\"},{\"@type\":\"Organization\",\"@id\":\"https:\\\/\\\/immobiliariafalco.com\\\/ca\\\/#organization\",\"name\":\"Immobili\u00e0ria Falc\u00f3 - Venta y alquiler de propiedades en LLan\u00e7\u00e0\",\"url\":\"https:\\\/\\\/immobiliariafalco.com\\\/ca\\\/\",\"logo\":{\"@type\":\"ImageObject\",\"inLanguage\":\"ca\",\"@id\":\"https:\\\/\\\/immobiliariafalco.com\\\/ca\\\/#\\\/schema\\\/logo\\\/image\\\/\",\"url\":\"https:\\\/\\\/immobiliariafalco.com\\\/wp-content\\\/uploads\\\/2025\\\/04\\\/logo-1.png\",\"contentUrl\":\"https:\\\/\\\/immobiliariafalco.com\\\/wp-content\\\/uploads\\\/2025\\\/04\\\/logo-1.png\",\"width\":1500,\"height\":349,\"caption\":\"Immobili\u00e0ria Falc\u00f3 - Venta y alquiler de propiedades en LLan\u00e7\u00e0\"},\"image\":{\"@id\":\"https:\\\/\\\/immobiliariafalco.com\\\/ca\\\/#\\\/schema\\\/logo\\\/image\\\/\"},\"sameAs\":[\"https:\\\/\\\/www.facebook.com\\\/Immobiliria-FALC-112724184524155\",\"https:\\\/\\\/www.instagram.com\\\/immobiliariafalco\"]}]}<\/script>\n<!-- \/ Yoast SEO plugin. -->","yoast_head_json":{"title":"Locals comercials - Immobili\u00e0ria Falc\u00f3 - Venta y alquiler de propiedades en LLan\u00e7\u00e0","description":"A Immobili\u00e0ria Falc\u00f3 us oferim serveis immobiliaris de venda i lloguer de propietats a Llan\u00e7\u00e0 ia la Costa Brava.","robots":{"index":"index","follow":"follow","max-snippet":"max-snippet:-1","max-image-preview":"max-image-preview:large","max-video-preview":"max-video-preview:-1"},"canonical":"https:\/\/immobiliariafalco.com\/ca\/lloguer-de-llarga-estada\/locals-comercials\/","og_locale":"ca_ES","og_type":"article","og_title":"Locals comercials - Immobili\u00e0ria Falc\u00f3 - Venta y alquiler de propiedades en LLan\u00e7\u00e0","og_description":"A Immobili\u00e0ria Falc\u00f3 us oferim serveis immobiliaris de venda i lloguer de propietats a Llan\u00e7\u00e0 ia la Costa Brava.","og_url":"https:\/\/immobiliariafalco.com\/ca\/lloguer-de-llarga-estada\/locals-comercials\/","og_site_name":"Immobili\u00e0ria Falc\u00f3 - Venta y alquiler de propiedades en LLan\u00e7\u00e0","article_publisher":"https:\/\/www.facebook.com\/Immobiliria-FALC-112724184524155","article_modified_time":"2025-05-06T11:51:26+00:00","og_image":[{"width":1280,"height":720,"url":"https:\/\/www.immobiliariafalco.com\/wp-content\/uploads\/2025\/04\/rrss-falco.jpg","type":"image\/jpeg"}],"twitter_card":"summary_large_image","schema":{"@context":"https:\/\/schema.org","@graph":[{"@type":"WebPage","@id":"https:\/\/immobiliariafalco.com\/ca\/lloguer-de-llarga-estada\/locals-comercials\/","url":"https:\/\/immobiliariafalco.com\/ca\/lloguer-de-llarga-estada\/locals-comercials\/","name":"Locals comercials - Immobili\u00e0ria Falc\u00f3 - Venta y alquiler de propiedades en LLan\u00e7\u00e0","isPartOf":{"@id":"https:\/\/immobiliariafalco.com\/ca\/#website"},"primaryImageOfPage":{"@id":"https:\/\/immobiliariafalco.com\/ca\/lloguer-de-llarga-estada\/locals-comercials\/#primaryimage"},"image":{"@id":"https:\/\/immobiliariafalco.com\/ca\/lloguer-de-llarga-estada\/locals-comercials\/#primaryimage"},"thumbnailUrl":"https:\/\/immobiliariafalco.com\/wp-content\/uploads\/2025\/04\/rrss-falco.jpg","datePublished":"2025-04-07T13:55:47+00:00","dateModified":"2025-05-06T11:51:26+00:00","description":"A Immobili\u00e0ria Falc\u00f3 us oferim serveis immobiliaris de venda i lloguer de propietats a Llan\u00e7\u00e0 ia la Costa Brava.","breadcrumb":{"@id":"https:\/\/immobiliariafalco.com\/ca\/lloguer-de-llarga-estada\/locals-comercials\/#breadcrumb"},"inLanguage":"ca","potentialAction":[{"@type":"ReadAction","target":["https:\/\/immobiliariafalco.com\/ca\/lloguer-de-llarga-estada\/locals-comercials\/"]}]},{"@type":"BreadcrumbList","@id":"https:\/\/immobiliariafalco.com\/ca\/lloguer-de-llarga-estada\/locals-comercials\/#breadcrumb","itemListElement":[{"@type":"ListItem","position":1,"name":"Inicio","item":"https:\/\/immobiliariafalco.com\/ca\/"},{"@type":"ListItem","position":2,"name":"Lloguer de llarga estada","item":"https:\/\/immobiliariafalco.com\/ca\/alquiler-de-larga-estancia\/"},{"@type":"ListItem","position":3,"name":"Locals comercials"}]},{"@type":"WebSite","@id":"https:\/\/immobiliariafalco.com\/ca\/#website","url":"https:\/\/immobiliariafalco.com\/ca\/","name":"Immobili\u00e0ria Falc\u00f3 - Venta y alquiler de propiedades en LLan\u00e7\u00e0","description":"Servicios inmobiliarios y de alquiler vacacional en la Costa Brava","publisher":{"@id":"https:\/\/immobiliariafalco.com\/ca\/#organization"},"alternateName":"Immobili\u00e0ria Falc\u00f3","potentialAction":[{"@type":"SearchAction","target":{"@type":"EntryPoint","urlTemplate":"https:\/\/immobiliariafalco.com\/alquiler-resultados-de-busqueda\/?search_text={search_term_string}"},"query-input":{"@type":"PropertyValueSpecification","valueRequired":true,"valueName":"search_term_string"}}],"inLanguage":"ca"},{"@type":"Organization","@id":"https:\/\/immobiliariafalco.com\/ca\/#organization","name":"Immobili\u00e0ria Falc\u00f3 - Venta y alquiler de propiedades en LLan\u00e7\u00e0","url":"https:\/\/immobiliariafalco.com\/ca\/","logo":{"@type":"ImageObject","inLanguage":"ca","@id":"https:\/\/immobiliariafalco.com\/ca\/#\/schema\/logo\/image\/","url":"https:\/\/immobiliariafalco.com\/wp-content\/uploads\/2025\/04\/logo-1.png","contentUrl":"https:\/\/immobiliariafalco.com\/wp-content\/uploads\/2025\/04\/logo-1.png","width":1500,"height":349,"caption":"Immobili\u00e0ria Falc\u00f3 - Venta y alquiler de propiedades en LLan\u00e7\u00e0"},"image":{"@id":"https:\/\/immobiliariafalco.com\/ca\/#\/schema\/logo\/image\/"},"sameAs":["https:\/\/www.facebook.com\/Immobiliria-FALC-112724184524155","https:\/\/www.instagram.com\/immobiliariafalco"]}]}},"_links":{"self":[{"href":"https:\/\/immobiliariafalco.com\/ca\/wp-json\/wp\/v2\/pages\/731","targetHints":{"allow":["GET"]}}],"collection":[{"href":"https:\/\/immobiliariafalco.com\/ca\/wp-json\/wp\/v2\/pages"}],"about":[{"href":"https:\/\/immobiliariafalco.com\/ca\/wp-json\/wp\/v2\/types\/page"}],"author":[{"embeddable":true,"href":"https:\/\/immobiliariafalco.com\/ca\/wp-json\/wp\/v2\/users\/1"}],"replies":[{"embeddable":true,"href":"https:\/\/immobiliariafalco.com\/ca\/wp-json\/wp\/v2\/comments?post=731"}],"version-history":[{"count":0,"href":"https:\/\/immobiliariafalco.com\/ca\/wp-json\/wp\/v2\/pages\/731\/revisions"}],"up":[{"embeddable":true,"href":"https:\/\/immobiliariafalco.com\/ca\/wp-json\/wp\/v2\/pages\/729"}],"wp:featuredmedia":[{"embeddable":true,"href":"https:\/\/immobiliariafalco.com\/ca\/wp-json\/wp\/v2\/media\/428"}],"wp:attachment":[{"href":"https:\/\/immobiliariafalco.com\/ca\/wp-json\/wp\/v2\/media?parent=731"}],"curies":[{"name":"wp","href":"https:\/\/api.w.org\/{rel}","templated":true}]}}